{"id":439,"date":"2026-01-09T13:33:03","date_gmt":"2026-01-09T13:33:03","guid":{"rendered":"https:\/\/tekdagen.no\/?page_id=439"},"modified":"2026-01-09T13:36:37","modified_gmt":"2026-01-09T13:36:37","slug":"tekdagen-2024-2","status":"publish","type":"page","link":"https:\/\/tekdagen.no\/?page_id=439","title":{"rendered":"TEKdagen 2024"},"content":{"rendered":"\t\t<div data-elementor-type=\"wp-page\" data-elementor-id=\"439\" class=\"elementor elementor-439\">\n\t\t\t\t<div class=\"elementor-element elementor-element-c9aa3f2 e-flex e-con-boxed e-con e-parent\" data-id=\"c9aa3f2\" data-element_type=\"container\">\n\t\t\t\t\t<div class=\"e-con-inner\">\n\t\t\t\t<div class=\"elementor-element elementor-element-7d464a4 elementor-widget elementor-widget-heading\" data-id=\"7d464a4\" data-element_type=\"widget\" data-widget_type=\"heading.default\">\n\t\t\t\t<div class=\"elementor-widget-container\">\n\t\t\t\t\t<h2 class=\"elementor-heading-title elementor-size-default\">Bedrifter 2024 <\/h2>\t\t\t\t<\/div>\n\t\t\t\t<\/div>\n\t\t\t\t<div class=\"elementor-element elementor-element-e38820a elementor-widget elementor-widget-text-editor\" data-id=\"e38820a\" data-element_type=\"widget\" data-widget_type=\"text-editor.default\">\n\t\t\t\t<div class=\"elementor-widget-container\">\n\t\t\t\t\t\t\t\t\t<p>2024 var det totalt 21 bedrifter som deltok p\u00e5 TEKdagen. Tusen takk for at s\u00e5 mange ville m\u00f8te studenter ved UiT!\u00a0<\/p>\t\t\t\t\t\t\t\t<\/div>\n\t\t\t\t<\/div>\n\t\t\t\t<div class=\"elementor-element elementor-element-b0e22e5 elementor-arrows-position-inside elementor-pagination-position-outside elementor-widget elementor-widget-image-carousel\" data-id=\"b0e22e5\" data-element_type=\"widget\" data-settings=\"{&quot;slides_to_show&quot;:&quot;6&quot;,&quot;slides_to_scroll&quot;:&quot;2&quot;,&quot;navigation&quot;:&quot;both&quot;,&quot;autoplay&quot;:&quot;yes&quot;,&quot;pause_on_hover&quot;:&quot;yes&quot;,&quot;pause_on_interaction&quot;:&quot;yes&quot;,&quot;autoplay_speed&quot;:5000,&quot;infinite&quot;:&quot;yes&quot;,&quot;speed&quot;:500,&quot;image_spacing_custom&quot;:{&quot;unit&quot;:&quot;px&quot;,&quot;size&quot;:20,&quot;sizes&quot;:[]},&quot;image_spacing_custom_widescreen&quot;:{&quot;unit&quot;:&quot;px&quot;,&quot;size&quot;:&quot;&quot;,&quot;sizes&quot;:[]},&quot;image_spacing_custom_laptop&quot;:{&quot;unit&quot;:&quot;px&quot;,&quot;size&quot;:&quot;&quot;,&quot;sizes&quot;:[]},&quot;image_spacing_custom_tablet&quot;:{&quot;unit&quot;:&quot;px&quot;,&quot;size&quot;:&quot;&quot;,&quot;sizes&quot;:[]},&quot;image_spacing_custom_mobile&quot;:{&quot;unit&quot;:&quot;px&quot;,&quot;size&quot;:&quot;&quot;,&quot;sizes&quot;:[]}}\" data-widget_type=\"image-carousel.default\">\n\t\t\t\t<div class=\"elementor-widget-container\">\n\t\t\t\t\t\t\t<div class=\"elementor-image-carousel-wrapper swiper\" role=\"region\" aria-roledescription=\"carousel\" aria-label=\"Bedrifter 2025\" dir=\"ltr\">\n\t\t\t<div class=\"elementor-image-carousel swiper-wrapper\" aria-live=\"off\">\n\t\t\t\t\t\t\t\t<div class=\"swiper-slide\" role=\"group\" aria-roledescription=\"slide\" aria-label=\"1 av 21\"><figure class=\"swiper-slide-inner\"><img decoding=\"async\" class=\"swiper-slide-image\" src=\"https:\/\/tekdagen.no\/wp-content\/uploads\/2024\/12\/polarkonsult-300x76.jpg\" alt=\"Polarkonsult_PMS_646\" \/><\/figure><\/div><div class=\"swiper-slide\" role=\"group\" aria-roledescription=\"slide\" aria-label=\"2 av 21\"><figure class=\"swiper-slide-inner\"><img decoding=\"async\" class=\"swiper-slide-image\" src=\"https:\/\/tekdagen.no\/wp-content\/uploads\/2024\/12\/andoya-space-education-300x118.png\" alt=\"and\u00f8ya space education\" \/><\/figure><\/div><div class=\"swiper-slide\" role=\"group\" aria-roledescription=\"slide\" aria-label=\"3 av 21\"><figure class=\"swiper-slide-inner\"><img decoding=\"async\" class=\"swiper-slide-image\" src=\"https:\/\/tekdagen.no\/wp-content\/uploads\/2026\/01\/atea-300x169.jpg\" alt=\"atea\" \/><\/figure><\/div><div class=\"swiper-slide\" role=\"group\" aria-roledescription=\"slide\" aria-label=\"4 av 21\"><figure class=\"swiper-slide-inner\"><img decoding=\"async\" class=\"swiper-slide-image\" src=\"https:\/\/tekdagen.no\/wp-content\/uploads\/2024\/12\/avju.jpg\" alt=\"avju\" \/><\/figure><\/div><div class=\"swiper-slide\" role=\"group\" aria-roledescription=\"slide\" aria-label=\"5 av 21\"><figure class=\"swiper-slide-inner\"><img decoding=\"async\" class=\"swiper-slide-image\" src=\"https:\/\/tekdagen.no\/wp-content\/uploads\/2026\/01\/bekk-300x278.webp\" alt=\"bekk\" \/><\/figure><\/div><div class=\"swiper-slide\" role=\"group\" aria-roledescription=\"slide\" aria-label=\"6 av 21\"><figure class=\"swiper-slide-inner\"><img decoding=\"async\" class=\"swiper-slide-image\" src=\"https:\/\/tekdagen.no\/wp-content\/uploads\/2026\/01\/energiklyngen-i-nord-300x300.webp\" alt=\"energiklyngen i nord\" \/><\/figure><\/div><div class=\"swiper-slide\" role=\"group\" aria-roledescription=\"slide\" aria-label=\"7 av 21\"><figure class=\"swiper-slide-inner\"><img decoding=\"async\" class=\"swiper-slide-image\" src=\"https:\/\/tekdagen.no\/wp-content\/uploads\/2024\/12\/equinor-300x119.png\" alt=\"equinor\" \/><\/figure><\/div><div class=\"swiper-slide\" role=\"group\" aria-roledescription=\"slide\" aria-label=\"8 av 21\"><figure class=\"swiper-slide-inner\"><img decoding=\"async\" class=\"swiper-slide-image\" src=\"https:\/\/tekdagen.no\/wp-content\/uploads\/2026\/01\/fremstr-300x300.png\" alt=\"fremstr\" \/><\/figure><\/div><div class=\"swiper-slide\" role=\"group\" aria-roledescription=\"slide\" aria-label=\"9 av 21\"><figure class=\"swiper-slide-inner\"><img decoding=\"async\" class=\"swiper-slide-image\" src=\"https:\/\/tekdagen.no\/wp-content\/uploads\/2024\/12\/karriere-i-nord.jpg\" alt=\"karriere i nord\" \/><\/figure><\/div><div class=\"swiper-slide\" role=\"group\" aria-roledescription=\"slide\" aria-label=\"10 av 21\"><figure class=\"swiper-slide-inner\"><img decoding=\"async\" class=\"swiper-slide-image\" src=\"https:\/\/tekdagen.no\/wp-content\/uploads\/2025\/02\/ksat-300x99.png\" alt=\"ksat\" \/><\/figure><\/div><div class=\"swiper-slide\" role=\"group\" aria-roledescription=\"slide\" aria-label=\"11 av 21\"><figure class=\"swiper-slide-inner\"><img decoding=\"async\" class=\"swiper-slide-image\" src=\"https:\/\/tekdagen.no\/wp-content\/uploads\/2026\/01\/kupa-300x93.webp\" alt=\"kupa\" \/><\/figure><\/div><div class=\"swiper-slide\" role=\"group\" aria-roledescription=\"slide\" aria-label=\"12 av 21\"><figure class=\"swiper-slide-inner\"><img decoding=\"async\" class=\"swiper-slide-image\" src=\"https:\/\/tekdagen.no\/wp-content\/uploads\/2024\/12\/meteorologisk-institutt-300x136.jpg\" alt=\"meteorologisk institutt\" \/><\/figure><\/div><div class=\"swiper-slide\" role=\"group\" aria-roledescription=\"slide\" aria-label=\"13 av 21\"><figure class=\"swiper-slide-inner\"><img decoding=\"async\" class=\"swiper-slide-image\" src=\"https:\/\/tekdagen.no\/wp-content\/uploads\/2024\/12\/multiconsult-300x150.jpg\" alt=\"multiconsult\" \/><\/figure><\/div><div class=\"swiper-slide\" role=\"group\" aria-roledescription=\"slide\" aria-label=\"14 av 21\"><figure class=\"swiper-slide-inner\"><img decoding=\"async\" class=\"swiper-slide-image\" src=\"https:\/\/tekdagen.no\/wp-content\/uploads\/2026\/01\/Nasjonalt-senter-for-e-helseforskning-300x147.jpg\" alt=\"Nasjonalt senter for e-helseforskning\" \/><\/figure><\/div><div class=\"swiper-slide\" role=\"group\" aria-roledescription=\"slide\" aria-label=\"15 av 21\"><figure class=\"swiper-slide-inner\"><img decoding=\"async\" class=\"swiper-slide-image\" src=\"https:\/\/tekdagen.no\/wp-content\/uploads\/2024\/12\/serit-300x89.png\" alt=\"serit\" \/><\/figure><\/div><div class=\"swiper-slide\" role=\"group\" aria-roledescription=\"slide\" aria-label=\"16 av 21\"><figure class=\"swiper-slide-inner\"><img decoding=\"async\" class=\"swiper-slide-image\" src=\"https:\/\/tekdagen.no\/wp-content\/uploads\/2026\/01\/Sopra-Steria-300x90.webp\" alt=\"Sopra Steria\" \/><\/figure><\/div><div class=\"swiper-slide\" role=\"group\" aria-roledescription=\"slide\" aria-label=\"17 av 21\"><figure class=\"swiper-slide-inner\"><img decoding=\"async\" class=\"swiper-slide-image\" src=\"https:\/\/tekdagen.no\/wp-content\/uploads\/2026\/01\/sparebanken-nord-norge-300x86.png\" alt=\"sparebanken nord-norge\" \/><\/figure><\/div><div class=\"swiper-slide\" role=\"group\" aria-roledescription=\"slide\" aria-label=\"18 av 21\"><figure class=\"swiper-slide-inner\"><img decoding=\"async\" class=\"swiper-slide-image\" src=\"https:\/\/tekdagen.no\/wp-content\/uploads\/2024\/12\/hinnstein.png\" alt=\"hinnstein\" \/><\/figure><\/div><div class=\"swiper-slide\" role=\"group\" aria-roledescription=\"slide\" aria-label=\"19 av 21\"><figure class=\"swiper-slide-inner\"><img decoding=\"async\" class=\"swiper-slide-image\" src=\"https:\/\/tekdagen.no\/wp-content\/uploads\/2024\/12\/helse-nord-ikt-300x157.jpg\" alt=\"helse nord ikt\" \/><\/figure><\/div><div class=\"swiper-slide\" role=\"group\" aria-roledescription=\"slide\" aria-label=\"20 av 21\"><figure class=\"swiper-slide-inner\"><img decoding=\"async\" class=\"swiper-slide-image\" src=\"https:\/\/tekdagen.no\/wp-content\/uploads\/2026\/01\/nordkraft-300x79.png\" alt=\"nordkraft\" \/><\/figure><\/div><div class=\"swiper-slide\" role=\"group\" aria-roledescription=\"slide\" aria-label=\"21 av 21\"><figure class=\"swiper-slide-inner\"><img decoding=\"async\" class=\"swiper-slide-image\" src=\"https:\/\/tekdagen.no\/wp-content\/uploads\/2026\/01\/egde-300x138.png\" alt=\"egde\" \/><\/figure><\/div>\t\t\t<\/div>\n\t\t\t\t\t\t\t\t\t\t\t\t<div class=\"elementor-swiper-button elementor-swiper-button-prev\" role=\"button\" tabindex=\"0\">\n\t\t\t\t\t\t<svg aria-hidden=\"true\" class=\"e-font-icon-svg e-eicon-chevron-left\" viewBox=\"0 0 1000 1000\" xmlns=\"http:\/\/www.w3.org\/2000\/svg\"><path d=\"M646 125C629 125 613 133 604 142L308 442C296 454 292 471 292 487 292 504 296 521 308 533L604 854C617 867 629 875 646 875 663 875 679 871 692 858 704 846 713 829 713 812 713 796 708 779 692 767L438 487 692 225C700 217 708 204 708 187 708 171 704 154 692 142 675 129 663 125 646 125Z\"><\/path><\/svg>\t\t\t\t\t<\/div>\n\t\t\t\t\t<div class=\"elementor-swiper-button elementor-swiper-button-next\" role=\"button\" tabindex=\"0\">\n\t\t\t\t\t\t<svg aria-hidden=\"true\" class=\"e-font-icon-svg e-eicon-chevron-right\" viewBox=\"0 0 1000 1000\" xmlns=\"http:\/\/www.w3.org\/2000\/svg\"><path d=\"M696 533C708 521 713 504 713 487 713 471 708 454 696 446L400 146C388 133 375 125 354 125 338 125 325 129 313 142 300 154 292 171 292 187 292 204 296 221 308 233L563 492 304 771C292 783 288 800 288 817 288 833 296 850 308 863 321 871 338 875 354 875 371 875 388 867 400 854L696 533Z\"><\/path><\/svg>\t\t\t\t\t<\/div>\n\t\t\t\t\n\t\t\t\t\t\t\t\t\t<div class=\"swiper-pagination\"><\/div>\n\t\t\t\t\t\t\t\t\t<\/div>\n\t\t\t\t\t\t<\/div>\n\t\t\t\t<\/div>\n\t\t\t\t\t<\/div>\n\t\t\t\t<\/div>\n\t\t\t\t<\/div>\n\t\t","protected":false},"excerpt":{"rendered":"<p>Bedrifter 2024 2024 var det totalt 21 bedrifter som deltok p\u00e5 TEKdagen. Tusen takk for at s\u00e5 mange ville m\u00f8te [&hellip;]<\/p>\n","protected":false},"author":7,"featured_media":0,"parent":0,"menu_order":0,"comment_status":"closed","ping_status":"closed","template":"","meta":{"_uag_custom_page_level_css":"","site-sidebar-layout":"no-sidebar","site-content-layout":"","ast-site-content-layout":"full-width-container","site-content-style":"default","site-sidebar-style":"default","ast-global-header-display":"","ast-banner-title-visibility":"","ast-main-header-display":"","ast-hfb-above-header-display":"","ast-hfb-below-header-display":"","ast-hfb-mobile-header-display":"","site-post-title":"disabled","ast-breadcrumbs-content":"","ast-featured-img":"disabled","footer-sml-layout":"","theme-transparent-header-meta":"","adv-header-id-meta":"","stick-header-meta":"","header-above-stick-meta":"","header-main-stick-meta":"","header-below-stick-meta":"","astra-migrate-meta-layouts":"default","ast-page-background-enabled":"default","ast-page-background-meta":{"desktop":{"background-color":"var(--ast-global-color-4)","background-image":"","background-repeat":"repeat","background-position":"center center","background-size":"auto","background-attachment":"scroll","background-type":"","background-media":"","overlay-type":"","overlay-color":"","overlay-opacity":"","overlay-gradient":""},"tablet":{"background-color":"","background-image":"","background-repeat":"repeat","background-position":"center center","background-size":"auto","background-attachment":"scroll","background-type":"","background-media":"","overlay-type":"","overlay-color":"","overlay-opacity":"","overlay-gradient":""},"mobile":{"background-color":"","background-image":"","background-repeat":"repeat","background-position":"center center","background-size":"auto","background-attachment":"scroll","background-type":"","background-media":"","overlay-type":"","overlay-color":"","overlay-opacity":"","overlay-gradient":""}},"ast-content-background-meta":{"desktop":{"background-color":"var(--ast-global-color-5)","background-image":"","background-repeat":"repeat","background-position":"center center","background-size":"auto","background-attachment":"scroll","background-type":"","background-media":"","overlay-type":"","overlay-color":"","overlay-opacity":"","overlay-gradient":""},"tablet":{"background-color":"var(--ast-global-color-5)","background-image":"","background-repeat":"repeat","background-position":"center center","background-size":"auto","background-attachment":"scroll","background-type":"","background-media":"","overlay-type":"","overlay-color":"","overlay-opacity":"","overlay-gradient":""},"mobile":{"background-color":"var(--ast-global-color-5)","background-image":"","background-repeat":"repeat","background-position":"center center","background-size":"auto","background-attachment":"scroll","background-type":"","background-media":"","overlay-type":"","overlay-color":"","overlay-opacity":"","overlay-gradient":""}},"footnotes":""},"class_list":["post-439","page","type-page","status-publish","hentry"],"yoast_head":"<!-- This site is optimized with the Yoast SEO plugin v24.8 - https:\/\/yoast.com\/wordpress\/plugins\/seo\/ -->\n<title>TEKdagen 2024 - TEKdagen<\/title>\n<meta name=\"robots\" content=\"index, follow, max-snippet:-1, max-image-preview:large, max-video-preview:-1\" \/>\n<link rel=\"canonical\" href=\"https:\/\/tekdagen.no\/?page_id=439\" \/>\n<meta property=\"og:locale\" content=\"nb_NO\" \/>\n<meta property=\"og:type\" content=\"article\" \/>\n<meta property=\"og:title\" content=\"TEKdagen 2024 - TEKdagen\" \/>\n<meta property=\"og:description\" content=\"Bedrifter 2024 2024 var det totalt 21 bedrifter som deltok p\u00e5 TEKdagen. Tusen takk for at s\u00e5 mange ville m\u00f8te [&hellip;]\" \/>\n<meta property=\"og:url\" content=\"https:\/\/tekdagen.no\/?page_id=439\" \/>\n<meta property=\"og:site_name\" content=\"TEKdagen\" \/>\n<meta property=\"article:modified_time\" content=\"2026-01-09T13:36:37+00:00\" \/>\n<meta property=\"og:image\" content=\"https:\/\/tekdagen.no\/wp-content\/uploads\/2024\/12\/polarkonsult-300x76.jpg\" \/>\n<meta name=\"twitter:card\" content=\"summary_large_image\" \/>\n<meta name=\"twitter:label1\" content=\"Ansl. lesetid\" \/>\n\t<meta name=\"twitter:data1\" content=\"7 minutter\" \/>\n<script type=\"application\/ld+json\" class=\"yoast-schema-graph\">{\"@context\":\"https:\/\/schema.org\",\"@graph\":[{\"@type\":\"WebPage\",\"@id\":\"https:\/\/tekdagen.no\/?page_id=439\",\"url\":\"https:\/\/tekdagen.no\/?page_id=439\",\"name\":\"TEKdagen 2024 - TEKdagen\",\"isPartOf\":{\"@id\":\"https:\/\/tekdagen.no\/#website\"},\"primaryImageOfPage\":{\"@id\":\"https:\/\/tekdagen.no\/?page_id=439#primaryimage\"},\"image\":{\"@id\":\"https:\/\/tekdagen.no\/?page_id=439#primaryimage\"},\"thumbnailUrl\":\"https:\/\/tekdagen.no\/wp-content\/uploads\/2024\/12\/polarkonsult-300x76.jpg\",\"datePublished\":\"2026-01-09T13:33:03+00:00\",\"dateModified\":\"2026-01-09T13:36:37+00:00\",\"breadcrumb\":{\"@id\":\"https:\/\/tekdagen.no\/?page_id=439#breadcrumb\"},\"inLanguage\":\"nb-NO\",\"potentialAction\":[{\"@type\":\"ReadAction\",\"target\":[\"https:\/\/tekdagen.no\/?page_id=439\"]}]},{\"@type\":\"ImageObject\",\"inLanguage\":\"nb-NO\",\"@id\":\"https:\/\/tekdagen.no\/?page_id=439#primaryimage\",\"url\":\"https:\/\/tekdagen.no\/wp-content\/uploads\/2024\/12\/polarkonsult.jpg\",\"contentUrl\":\"https:\/\/tekdagen.no\/wp-content\/uploads\/2024\/12\/polarkonsult.jpg\",\"width\":1351,\"height\":342},{\"@type\":\"BreadcrumbList\",\"@id\":\"https:\/\/tekdagen.no\/?page_id=439#breadcrumb\",\"itemListElement\":[{\"@type\":\"ListItem\",\"position\":1,\"name\":\"Hjem\",\"item\":\"https:\/\/tekdagen.no\/\"},{\"@type\":\"ListItem\",\"position\":2,\"name\":\"TEKdagen 2024\"}]},{\"@type\":\"WebSite\",\"@id\":\"https:\/\/tekdagen.no\/#website\",\"url\":\"https:\/\/tekdagen.no\/\",\"name\":\"TEKdagen\",\"description\":\"\",\"potentialAction\":[{\"@type\":\"SearchAction\",\"target\":{\"@type\":\"EntryPoint\",\"urlTemplate\":\"https:\/\/tekdagen.no\/?s={search_term_string}\"},\"query-input\":{\"@type\":\"PropertyValueSpecification\",\"valueRequired\":true,\"valueName\":\"search_term_string\"}}],\"inLanguage\":\"nb-NO\"}]}<\/script>\n<!-- \/ Yoast SEO plugin. -->","yoast_head_json":{"title":"TEKdagen 2024 - TEKdagen","robots":{"index":"index","follow":"follow","max-snippet":"max-snippet:-1","max-image-preview":"max-image-preview:large","max-video-preview":"max-video-preview:-1"},"canonical":"https:\/\/tekdagen.no\/?page_id=439","og_locale":"nb_NO","og_type":"article","og_title":"TEKdagen 2024 - TEKdagen","og_description":"Bedrifter 2024 2024 var det totalt 21 bedrifter som deltok p\u00e5 TEKdagen. Tusen takk for at s\u00e5 mange ville m\u00f8te [&hellip;]","og_url":"https:\/\/tekdagen.no\/?page_id=439","og_site_name":"TEKdagen","article_modified_time":"2026-01-09T13:36:37+00:00","og_image":[{"url":"https:\/\/tekdagen.no\/wp-content\/uploads\/2024\/12\/polarkonsult-300x76.jpg","type":"","width":"","height":""}],"twitter_card":"summary_large_image","twitter_misc":{"Ansl. lesetid":"7 minutter"},"schema":{"@context":"https:\/\/schema.org","@graph":[{"@type":"WebPage","@id":"https:\/\/tekdagen.no\/?page_id=439","url":"https:\/\/tekdagen.no\/?page_id=439","name":"TEKdagen 2024 - TEKdagen","isPartOf":{"@id":"https:\/\/tekdagen.no\/#website"},"primaryImageOfPage":{"@id":"https:\/\/tekdagen.no\/?page_id=439#primaryimage"},"image":{"@id":"https:\/\/tekdagen.no\/?page_id=439#primaryimage"},"thumbnailUrl":"https:\/\/tekdagen.no\/wp-content\/uploads\/2024\/12\/polarkonsult-300x76.jpg","datePublished":"2026-01-09T13:33:03+00:00","dateModified":"2026-01-09T13:36:37+00:00","breadcrumb":{"@id":"https:\/\/tekdagen.no\/?page_id=439#breadcrumb"},"inLanguage":"nb-NO","potentialAction":[{"@type":"ReadAction","target":["https:\/\/tekdagen.no\/?page_id=439"]}]},{"@type":"ImageObject","inLanguage":"nb-NO","@id":"https:\/\/tekdagen.no\/?page_id=439#primaryimage","url":"https:\/\/tekdagen.no\/wp-content\/uploads\/2024\/12\/polarkonsult.jpg","contentUrl":"https:\/\/tekdagen.no\/wp-content\/uploads\/2024\/12\/polarkonsult.jpg","width":1351,"height":342},{"@type":"BreadcrumbList","@id":"https:\/\/tekdagen.no\/?page_id=439#breadcrumb","itemListElement":[{"@type":"ListItem","position":1,"name":"Hjem","item":"https:\/\/tekdagen.no\/"},{"@type":"ListItem","position":2,"name":"TEKdagen 2024"}]},{"@type":"WebSite","@id":"https:\/\/tekdagen.no\/#website","url":"https:\/\/tekdagen.no\/","name":"TEKdagen","description":"","potentialAction":[{"@type":"SearchAction","target":{"@type":"EntryPoint","urlTemplate":"https:\/\/tekdagen.no\/?s={search_term_string}"},"query-input":{"@type":"PropertyValueSpecification","valueRequired":true,"valueName":"search_term_string"}}],"inLanguage":"nb-NO"}]}},"uagb_featured_image_src":{"full":false,"thumbnail":false,"medium":false,"medium_large":false,"large":false,"1536x1536":false,"2048x2048":false},"uagb_author_info":{"display_name":"Emilie Meling","author_link":"https:\/\/tekdagen.no\/?author=7"},"uagb_comment_info":0,"uagb_excerpt":"Bedrifter 2024 2024 var det totalt 21 bedrifter som deltok p\u00e5 TEKdagen. Tusen takk for at s\u00e5 mange ville m\u00f8te [&hellip;]","_links":{"self":[{"href":"https:\/\/tekdagen.no\/index.php?rest_route=\/wp\/v2\/pages\/439","targetHints":{"allow":["GET"]}}],"collection":[{"href":"https:\/\/tekdagen.no\/index.php?rest_route=\/wp\/v2\/pages"}],"about":[{"href":"https:\/\/tekdagen.no\/index.php?rest_route=\/wp\/v2\/types\/page"}],"author":[{"embeddable":true,"href":"https:\/\/tekdagen.no\/index.php?rest_route=\/wp\/v2\/users\/7"}],"replies":[{"embeddable":true,"href":"https:\/\/tekdagen.no\/index.php?rest_route=%2Fwp%2Fv2%2Fcomments&post=439"}],"version-history":[{"count":7,"href":"https:\/\/tekdagen.no\/index.php?rest_route=\/wp\/v2\/pages\/439\/revisions"}],"predecessor-version":[{"id":476,"href":"https:\/\/tekdagen.no\/index.php?rest_route=\/wp\/v2\/pages\/439\/revisions\/476"}],"wp:attachment":[{"href":"https:\/\/tekdagen.no\/index.php?rest_route=%2Fwp%2Fv2%2Fmedia&parent=439"}],"curies":[{"name":"wp","href":"https:\/\/api.w.org\/{rel}","templated":true}]}}