{"id":29,"date":"2024-08-27T13:19:43","date_gmt":"2024-08-27T13:19:43","guid":{"rendered":"https:\/\/tekdagen.no\/?page_id=29"},"modified":"2026-02-06T13:08:00","modified_gmt":"2026-02-06T13:08:00","slug":"om-oss","status":"publish","type":"page","link":"https:\/\/tekdagen.no\/?page_id=29","title":{"rendered":"Om oss"},"content":{"rendered":"\t\t<div data-elementor-type=\"wp-page\" data-elementor-id=\"29\" class=\"elementor elementor-29\">\n\t\t\t\t<div class=\"elementor-element elementor-element-undefined-a641777 e-con-full e-flex e-con e-parent\" data-id=\"undefined-a641777\" data-element_type=\"container\">\n\t\t<div class=\"elementor-element elementor-element-undefined-e767fdd e-flex e-con-boxed e-con e-child\" data-id=\"undefined-e767fdd\" data-element_type=\"container\">\n\t\t\t\t\t<div class=\"e-con-inner\">\n\t\t\t\t<div class=\"elementor-element elementor-element-41aef1c elementor-widget elementor-widget-heading\" data-id=\"41aef1c\" data-element_type=\"widget\" data-widget_type=\"heading.default\">\n\t\t\t\t<div class=\"elementor-widget-container\">\n\t\t\t\t\t<h2 class=\"elementor-heading-title elementor-size-default\">M\u00f8t arrang\u00f8rene for TEKdagen 2026<\/h2>\t\t\t\t<\/div>\n\t\t\t\t<\/div>\n\t\t\t\t<div class=\"elementor-element elementor-element-undefined-f8ee01a elementor-widget elementor-widget-text-editor\" data-id=\"undefined-f8ee01a\" data-element_type=\"widget\" data-widget_type=\"text-editor.default\">\n\t\t\t\t<div class=\"elementor-widget-container\">\n\t\t\t\t\t\t\t\t\t<p>Dette er de som arrangerer \u00e5rets TEKdagen! Utvalget kan ogs\u00e5 kontaktes via epost: tekdagen@uit.no.<\/p>\t\t\t\t\t\t\t\t<\/div>\n\t\t\t\t<\/div>\n\t\t<div class=\"elementor-element elementor-element-undefined-42b522b e-grid e-con-full e-con e-child\" data-id=\"undefined-42b522b\" data-element_type=\"container\">\n\t\t<div class=\"elementor-element elementor-element-undefined-951889c e-con-full e-flex e-con e-child\" data-id=\"undefined-951889c\" data-element_type=\"container\">\n\t\t\t\t<div class=\"elementor-element elementor-element-undefined-f232724 elementor-position-top elementor-widget elementor-widget-image-box\" data-id=\"undefined-f232724\" data-element_type=\"widget\" data-widget_type=\"image-box.default\">\n\t\t\t\t<div class=\"elementor-widget-container\">\n\t\t\t\t\t<div class=\"elementor-image-box-wrapper\"><figure class=\"elementor-image-box-img\"><img fetchpriority=\"high\" decoding=\"async\" width=\"800\" height=\"800\" src=\"https:\/\/tekdagen.no\/wp-content\/uploads\/2024\/10\/tobias.jpg\" class=\"attachment-full size-full wp-image-193\" alt=\"\" srcset=\"https:\/\/tekdagen.no\/wp-content\/uploads\/2024\/10\/tobias.jpg 800w, https:\/\/tekdagen.no\/wp-content\/uploads\/2024\/10\/tobias-300x300.jpg 300w, https:\/\/tekdagen.no\/wp-content\/uploads\/2024\/10\/tobias-150x150.jpg 150w, https:\/\/tekdagen.no\/wp-content\/uploads\/2024\/10\/tobias-768x768.jpg 768w\" sizes=\"(max-width: 800px) 100vw, 800px\" \/><\/figure><div class=\"elementor-image-box-content\"><h3 class=\"elementor-image-box-title\">Tobias S\u00e4ll<\/h3><\/div><\/div>\t\t\t\t<\/div>\n\t\t\t\t<\/div>\n\t\t\t\t<div class=\"elementor-element elementor-element-9dde2f5 elementor-shape-rounded elementor-grid-0 e-grid-align-center elementor-widget elementor-widget-social-icons\" data-id=\"9dde2f5\" data-element_type=\"widget\" data-widget_type=\"social-icons.default\">\n\t\t\t\t<div class=\"elementor-widget-container\">\n\t\t\t\t\t\t\t<div class=\"elementor-social-icons-wrapper elementor-grid\">\n\t\t\t\t\t\t\t<span class=\"elementor-grid-item\">\n\t\t\t\t\t<a class=\"elementor-icon elementor-social-icon elementor-social-icon-linkedin elementor-repeater-item-0fa3d9b\" href=\"https:\/\/www.linkedin.com\/in\/tobias-s%C3%A4ll-32976b261\/\" target=\"_blank\">\n\t\t\t\t\t\t<span class=\"elementor-screen-only\">Linkedin<\/span>\n\t\t\t\t\t\t<svg class=\"e-font-icon-svg e-fab-linkedin\" viewBox=\"0 0 448 512\" xmlns=\"http:\/\/www.w3.org\/2000\/svg\"><path d=\"M416 32H31.9C14.3 32 0 46.5 0 64.3v383.4C0 465.5 14.3 480 31.9 480H416c17.6 0 32-14.5 32-32.3V64.3c0-17.8-14.4-32.3-32-32.3zM135.4 416H69V202.2h66.5V416zm-33.2-243c-21.3 0-38.5-17.3-38.5-38.5S80.9 96 102.2 96c21.2 0 38.5 17.3 38.5 38.5 0 21.3-17.2 38.5-38.5 38.5zm282.1 243h-66.4V312c0-24.8-.5-56.7-34.5-56.7-34.6 0-39.9 27-39.9 54.9V416h-66.4V202.2h63.7v29.2h.9c8.9-16.8 30.6-34.5 62.9-34.5 67.2 0 79.7 44.3 79.7 101.9V416z\"><\/path><\/svg>\t\t\t\t\t<\/a>\n\t\t\t\t<\/span>\n\t\t\t\t\t\t\t<span class=\"elementor-grid-item\">\n\t\t\t\t\t<a class=\"elementor-icon elementor-social-icon elementor-social-icon-envelope elementor-repeater-item-d2b7695\" href=\"mailto:jsa134@uit.no\" target=\"_blank\">\n\t\t\t\t\t\t<span class=\"elementor-screen-only\">Envelope<\/span>\n\t\t\t\t\t\t<svg class=\"e-font-icon-svg e-fas-envelope\" viewBox=\"0 0 512 512\" xmlns=\"http:\/\/www.w3.org\/2000\/svg\"><path d=\"M502.3 190.8c3.9-3.1 9.7-.2 9.7 4.7V400c0 26.5-21.5 48-48 48H48c-26.5 0-48-21.5-48-48V195.6c0-5 5.7-7.8 9.7-4.7 22.4 17.4 52.1 39.5 154.1 113.6 21.1 15.4 56.7 47.8 92.2 47.6 35.7.3 72-32.8 92.3-47.6 102-74.1 131.6-96.3 154-113.7zM256 320c23.2.4 56.6-29.2 73.4-41.4 132.7-96.3 142.8-104.7 173.4-128.7 5.8-4.5 9.2-11.5 9.2-18.9v-19c0-26.5-21.5-48-48-48H48C21.5 64 0 85.5 0 112v19c0 7.4 3.4 14.3 9.2 18.9 30.6 23.9 40.7 32.4 173.4 128.7 16.8 12.2 50.2 41.8 73.4 41.4z\"><\/path><\/svg>\t\t\t\t\t<\/a>\n\t\t\t\t<\/span>\n\t\t\t\t\t<\/div>\n\t\t\t\t\t\t<\/div>\n\t\t\t\t<\/div>\n\t\t\t\t<\/div>\n\t\t<div class=\"elementor-element elementor-element-undefined-658aabb e-con-full e-flex e-con e-child\" data-id=\"undefined-658aabb\" data-element_type=\"container\">\n\t\t\t\t<div class=\"elementor-element elementor-element-undefined-c5b753c elementor-position-top elementor-widget elementor-widget-image-box\" data-id=\"undefined-c5b753c\" data-element_type=\"widget\" data-widget_type=\"image-box.default\">\n\t\t\t\t<div class=\"elementor-widget-container\">\n\t\t\t\t\t<div class=\"elementor-image-box-wrapper\"><figure class=\"elementor-image-box-img\"><img decoding=\"async\" width=\"1179\" height=\"1179\" src=\"https:\/\/tekdagen.no\/wp-content\/uploads\/2026\/01\/Katrine-Wik-2.jpeg\" class=\"attachment-full size-full wp-image-510\" alt=\"\" srcset=\"https:\/\/tekdagen.no\/wp-content\/uploads\/2026\/01\/Katrine-Wik-2.jpeg 1179w, https:\/\/tekdagen.no\/wp-content\/uploads\/2026\/01\/Katrine-Wik-2-300x300.jpeg 300w, https:\/\/tekdagen.no\/wp-content\/uploads\/2026\/01\/Katrine-Wik-2-1024x1024.jpeg 1024w, https:\/\/tekdagen.no\/wp-content\/uploads\/2026\/01\/Katrine-Wik-2-150x150.jpeg 150w, https:\/\/tekdagen.no\/wp-content\/uploads\/2026\/01\/Katrine-Wik-2-768x768.jpeg 768w\" sizes=\"(max-width: 1179px) 100vw, 1179px\" \/><\/figure><div class=\"elementor-image-box-content\"><h3 class=\"elementor-image-box-title\">Katrine Maria Wik<\/h3><\/div><\/div>\t\t\t\t<\/div>\n\t\t\t\t<\/div>\n\t\t\t\t<div class=\"elementor-element elementor-element-321ccca elementor-shape-rounded elementor-grid-0 e-grid-align-center elementor-widget elementor-widget-social-icons\" data-id=\"321ccca\" data-element_type=\"widget\" data-widget_type=\"social-icons.default\">\n\t\t\t\t<div class=\"elementor-widget-container\">\n\t\t\t\t\t\t\t<div class=\"elementor-social-icons-wrapper elementor-grid\">\n\t\t\t\t\t\t\t<span class=\"elementor-grid-item\">\n\t\t\t\t\t<a class=\"elementor-icon elementor-social-icon elementor-social-icon-linkedin elementor-repeater-item-0fa3d9b\" href=\"https:\/\/www.linkedin.com\/in\/katrine-maria-wik-2bb366254\/\" target=\"_blank\">\n\t\t\t\t\t\t<span class=\"elementor-screen-only\">Linkedin<\/span>\n\t\t\t\t\t\t<svg class=\"e-font-icon-svg e-fab-linkedin\" viewBox=\"0 0 448 512\" xmlns=\"http:\/\/www.w3.org\/2000\/svg\"><path d=\"M416 32H31.9C14.3 32 0 46.5 0 64.3v383.4C0 465.5 14.3 480 31.9 480H416c17.6 0 32-14.5 32-32.3V64.3c0-17.8-14.4-32.3-32-32.3zM135.4 416H69V202.2h66.5V416zm-33.2-243c-21.3 0-38.5-17.3-38.5-38.5S80.9 96 102.2 96c21.2 0 38.5 17.3 38.5 38.5 0 21.3-17.2 38.5-38.5 38.5zm282.1 243h-66.4V312c0-24.8-.5-56.7-34.5-56.7-34.6 0-39.9 27-39.9 54.9V416h-66.4V202.2h63.7v29.2h.9c8.9-16.8 30.6-34.5 62.9-34.5 67.2 0 79.7 44.3 79.7 101.9V416z\"><\/path><\/svg>\t\t\t\t\t<\/a>\n\t\t\t\t<\/span>\n\t\t\t\t\t\t\t<span class=\"elementor-grid-item\">\n\t\t\t\t\t<a class=\"elementor-icon elementor-social-icon elementor-social-icon-envelope elementor-repeater-item-d2b7695\" href=\"mailto:kwi075@post.uit.no\" target=\"_blank\">\n\t\t\t\t\t\t<span class=\"elementor-screen-only\">Envelope<\/span>\n\t\t\t\t\t\t<svg class=\"e-font-icon-svg e-fas-envelope\" viewBox=\"0 0 512 512\" xmlns=\"http:\/\/www.w3.org\/2000\/svg\"><path d=\"M502.3 190.8c3.9-3.1 9.7-.2 9.7 4.7V400c0 26.5-21.5 48-48 48H48c-26.5 0-48-21.5-48-48V195.6c0-5 5.7-7.8 9.7-4.7 22.4 17.4 52.1 39.5 154.1 113.6 21.1 15.4 56.7 47.8 92.2 47.6 35.7.3 72-32.8 92.3-47.6 102-74.1 131.6-96.3 154-113.7zM256 320c23.2.4 56.6-29.2 73.4-41.4 132.7-96.3 142.8-104.7 173.4-128.7 5.8-4.5 9.2-11.5 9.2-18.9v-19c0-26.5-21.5-48-48-48H48C21.5 64 0 85.5 0 112v19c0 7.4 3.4 14.3 9.2 18.9 30.6 23.9 40.7 32.4 173.4 128.7 16.8 12.2 50.2 41.8 73.4 41.4z\"><\/path><\/svg>\t\t\t\t\t<\/a>\n\t\t\t\t<\/span>\n\t\t\t\t\t<\/div>\n\t\t\t\t\t\t<\/div>\n\t\t\t\t<\/div>\n\t\t\t\t<\/div>\n\t\t<div class=\"elementor-element elementor-element-ef1257b e-con-full e-flex e-con e-child\" data-id=\"ef1257b\" data-element_type=\"container\">\n\t\t\t\t<div class=\"elementor-element elementor-element-db8c3e3 elementor-position-top elementor-widget elementor-widget-image-box\" data-id=\"db8c3e3\" data-element_type=\"widget\" data-widget_type=\"image-box.default\">\n\t\t\t\t<div class=\"elementor-widget-container\">\n\t\t\t\t\t<div class=\"elementor-image-box-wrapper\"><figure class=\"elementor-image-box-img\"><img decoding=\"async\" width=\"2461\" height=\"2461\" src=\"https:\/\/tekdagen.no\/wp-content\/uploads\/2026\/01\/Malin-1.jpg\" class=\"attachment-full size-full wp-image-539\" alt=\"\" srcset=\"https:\/\/tekdagen.no\/wp-content\/uploads\/2026\/01\/Malin-1.jpg 2461w, https:\/\/tekdagen.no\/wp-content\/uploads\/2026\/01\/Malin-1-300x300.jpg 300w, https:\/\/tekdagen.no\/wp-content\/uploads\/2026\/01\/Malin-1-1024x1024.jpg 1024w, https:\/\/tekdagen.no\/wp-content\/uploads\/2026\/01\/Malin-1-150x150.jpg 150w, https:\/\/tekdagen.no\/wp-content\/uploads\/2026\/01\/Malin-1-768x768.jpg 768w, https:\/\/tekdagen.no\/wp-content\/uploads\/2026\/01\/Malin-1-1536x1536.jpg 1536w, https:\/\/tekdagen.no\/wp-content\/uploads\/2026\/01\/Malin-1-2048x2048.jpg 2048w\" sizes=\"(max-width: 2461px) 100vw, 2461px\" \/><\/figure><div class=\"elementor-image-box-content\"><h3 class=\"elementor-image-box-title\">Malin Sofie Berg J\u00f8lstad<\/h3><\/div><\/div>\t\t\t\t<\/div>\n\t\t\t\t<\/div>\n\t\t\t\t<div class=\"elementor-element elementor-element-02515e4 elementor-shape-rounded elementor-grid-0 e-grid-align-center elementor-widget elementor-widget-social-icons\" data-id=\"02515e4\" data-element_type=\"widget\" data-widget_type=\"social-icons.default\">\n\t\t\t\t<div class=\"elementor-widget-container\">\n\t\t\t\t\t\t\t<div class=\"elementor-social-icons-wrapper elementor-grid\">\n\t\t\t\t\t\t\t<span class=\"elementor-grid-item\">\n\t\t\t\t\t<a class=\"elementor-icon elementor-social-icon elementor-social-icon-linkedin elementor-repeater-item-0fa3d9b\" href=\"https:\/\/www.linkedin.com\/in\/malin-sofie-berg-j\u00f8lstad-8b4911383\/\" target=\"_blank\">\n\t\t\t\t\t\t<span class=\"elementor-screen-only\">Linkedin<\/span>\n\t\t\t\t\t\t<svg class=\"e-font-icon-svg e-fab-linkedin\" viewBox=\"0 0 448 512\" xmlns=\"http:\/\/www.w3.org\/2000\/svg\"><path d=\"M416 32H31.9C14.3 32 0 46.5 0 64.3v383.4C0 465.5 14.3 480 31.9 480H416c17.6 0 32-14.5 32-32.3V64.3c0-17.8-14.4-32.3-32-32.3zM135.4 416H69V202.2h66.5V416zm-33.2-243c-21.3 0-38.5-17.3-38.5-38.5S80.9 96 102.2 96c21.2 0 38.5 17.3 38.5 38.5 0 21.3-17.2 38.5-38.5 38.5zm282.1 243h-66.4V312c0-24.8-.5-56.7-34.5-56.7-34.6 0-39.9 27-39.9 54.9V416h-66.4V202.2h63.7v29.2h.9c8.9-16.8 30.6-34.5 62.9-34.5 67.2 0 79.7 44.3 79.7 101.9V416z\"><\/path><\/svg>\t\t\t\t\t<\/a>\n\t\t\t\t<\/span>\n\t\t\t\t\t\t\t<span class=\"elementor-grid-item\">\n\t\t\t\t\t<a class=\"elementor-icon elementor-social-icon elementor-social-icon-envelope elementor-repeater-item-d2b7695\" href=\"mailto:mjo365@post.uit.no\" target=\"_blank\">\n\t\t\t\t\t\t<span class=\"elementor-screen-only\">Envelope<\/span>\n\t\t\t\t\t\t<svg class=\"e-font-icon-svg e-fas-envelope\" viewBox=\"0 0 512 512\" xmlns=\"http:\/\/www.w3.org\/2000\/svg\"><path d=\"M502.3 190.8c3.9-3.1 9.7-.2 9.7 4.7V400c0 26.5-21.5 48-48 48H48c-26.5 0-48-21.5-48-48V195.6c0-5 5.7-7.8 9.7-4.7 22.4 17.4 52.1 39.5 154.1 113.6 21.1 15.4 56.7 47.8 92.2 47.6 35.7.3 72-32.8 92.3-47.6 102-74.1 131.6-96.3 154-113.7zM256 320c23.2.4 56.6-29.2 73.4-41.4 132.7-96.3 142.8-104.7 173.4-128.7 5.8-4.5 9.2-11.5 9.2-18.9v-19c0-26.5-21.5-48-48-48H48C21.5 64 0 85.5 0 112v19c0 7.4 3.4 14.3 9.2 18.9 30.6 23.9 40.7 32.4 173.4 128.7 16.8 12.2 50.2 41.8 73.4 41.4z\"><\/path><\/svg>\t\t\t\t\t<\/a>\n\t\t\t\t<\/span>\n\t\t\t\t\t<\/div>\n\t\t\t\t\t\t<\/div>\n\t\t\t\t<\/div>\n\t\t\t\t<\/div>\n\t\t<div class=\"elementor-element elementor-element-8ddd699 e-con-full e-flex e-con e-child\" data-id=\"8ddd699\" data-element_type=\"container\">\n\t\t\t\t<div class=\"elementor-element elementor-element-c25358d elementor-position-top elementor-widget elementor-widget-image-box\" data-id=\"c25358d\" data-element_type=\"widget\" data-widget_type=\"image-box.default\">\n\t\t\t\t<div class=\"elementor-widget-container\">\n\t\t\t\t\t<div class=\"elementor-image-box-wrapper\"><figure class=\"elementor-image-box-img\"><img loading=\"lazy\" decoding=\"async\" width=\"2557\" height=\"2560\" src=\"https:\/\/tekdagen.no\/wp-content\/uploads\/2026\/01\/ego-2-scaled.jpg\" class=\"attachment-full size-full wp-image-564\" alt=\"\" srcset=\"https:\/\/tekdagen.no\/wp-content\/uploads\/2026\/01\/ego-2-scaled.jpg 2557w, https:\/\/tekdagen.no\/wp-content\/uploads\/2026\/01\/ego-2-300x300.jpg 300w, https:\/\/tekdagen.no\/wp-content\/uploads\/2026\/01\/ego-2-1024x1024.jpg 1024w, https:\/\/tekdagen.no\/wp-content\/uploads\/2026\/01\/ego-2-150x150.jpg 150w, https:\/\/tekdagen.no\/wp-content\/uploads\/2026\/01\/ego-2-768x769.jpg 768w, https:\/\/tekdagen.no\/wp-content\/uploads\/2026\/01\/ego-2-1534x1536.jpg 1534w, https:\/\/tekdagen.no\/wp-content\/uploads\/2026\/01\/ego-2-2046x2048.jpg 2046w\" sizes=\"(max-width: 2557px) 100vw, 2557px\" \/><\/figure><div class=\"elementor-image-box-content\"><h3 class=\"elementor-image-box-title\">Emilie Meling<\/h3><\/div><\/div>\t\t\t\t<\/div>\n\t\t\t\t<\/div>\n\t\t\t\t<div class=\"elementor-element elementor-element-07d18dc elementor-shape-rounded elementor-grid-0 e-grid-align-center elementor-widget elementor-widget-social-icons\" data-id=\"07d18dc\" data-element_type=\"widget\" data-widget_type=\"social-icons.default\">\n\t\t\t\t<div class=\"elementor-widget-container\">\n\t\t\t\t\t\t\t<div class=\"elementor-social-icons-wrapper elementor-grid\">\n\t\t\t\t\t\t\t<span class=\"elementor-grid-item\">\n\t\t\t\t\t<a class=\"elementor-icon elementor-social-icon elementor-social-icon-linkedin elementor-repeater-item-0fa3d9b\" href=\"https:\/\/www.linkedin.com\/in\/emiliemeling\/\" target=\"_blank\">\n\t\t\t\t\t\t<span class=\"elementor-screen-only\">Linkedin<\/span>\n\t\t\t\t\t\t<svg class=\"e-font-icon-svg e-fab-linkedin\" viewBox=\"0 0 448 512\" xmlns=\"http:\/\/www.w3.org\/2000\/svg\"><path d=\"M416 32H31.9C14.3 32 0 46.5 0 64.3v383.4C0 465.5 14.3 480 31.9 480H416c17.6 0 32-14.5 32-32.3V64.3c0-17.8-14.4-32.3-32-32.3zM135.4 416H69V202.2h66.5V416zm-33.2-243c-21.3 0-38.5-17.3-38.5-38.5S80.9 96 102.2 96c21.2 0 38.5 17.3 38.5 38.5 0 21.3-17.2 38.5-38.5 38.5zm282.1 243h-66.4V312c0-24.8-.5-56.7-34.5-56.7-34.6 0-39.9 27-39.9 54.9V416h-66.4V202.2h63.7v29.2h.9c8.9-16.8 30.6-34.5 62.9-34.5 67.2 0 79.7 44.3 79.7 101.9V416z\"><\/path><\/svg>\t\t\t\t\t<\/a>\n\t\t\t\t<\/span>\n\t\t\t\t\t\t\t<span class=\"elementor-grid-item\">\n\t\t\t\t\t<a class=\"elementor-icon elementor-social-icon elementor-social-icon-envelope elementor-repeater-item-d2b7695\" href=\"mailto:emilie.meling@uit.no\" target=\"_blank\">\n\t\t\t\t\t\t<span class=\"elementor-screen-only\">Envelope<\/span>\n\t\t\t\t\t\t<svg class=\"e-font-icon-svg e-fas-envelope\" viewBox=\"0 0 512 512\" xmlns=\"http:\/\/www.w3.org\/2000\/svg\"><path d=\"M502.3 190.8c3.9-3.1 9.7-.2 9.7 4.7V400c0 26.5-21.5 48-48 48H48c-26.5 0-48-21.5-48-48V195.6c0-5 5.7-7.8 9.7-4.7 22.4 17.4 52.1 39.5 154.1 113.6 21.1 15.4 56.7 47.8 92.2 47.6 35.7.3 72-32.8 92.3-47.6 102-74.1 131.6-96.3 154-113.7zM256 320c23.2.4 56.6-29.2 73.4-41.4 132.7-96.3 142.8-104.7 173.4-128.7 5.8-4.5 9.2-11.5 9.2-18.9v-19c0-26.5-21.5-48-48-48H48C21.5 64 0 85.5 0 112v19c0 7.4 3.4 14.3 9.2 18.9 30.6 23.9 40.7 32.4 173.4 128.7 16.8 12.2 50.2 41.8 73.4 41.4z\"><\/path><\/svg>\t\t\t\t\t<\/a>\n\t\t\t\t<\/span>\n\t\t\t\t\t<\/div>\n\t\t\t\t\t\t<\/div>\n\t\t\t\t<\/div>\n\t\t\t\t<\/div>\n\t\t\t\t<\/div>\n\t\t\t\t\t<\/div>\n\t\t\t\t<\/div>\n\t\t\t\t<\/div>\n\t\t<div class=\"elementor-element elementor-element-ea81631 e-flex e-con-boxed e-con e-parent\" data-id=\"ea81631\" data-element_type=\"container\">\n\t\t\t\t\t<div class=\"e-con-inner\">\n\t\t\t\t\t<\/div>\n\t\t\t\t<\/div>\n\t\t\t\t<\/div>\n\t\t","protected":false},"excerpt":{"rendered":"<p>M\u00f8t arrang\u00f8rene for TEKdagen 2026 Dette er de som arrangerer \u00e5rets TEKdagen! Utvalget kan ogs\u00e5 kontaktes via epost: tekdagen@uit.no. Tobias [&hellip;]<\/p>\n","protected":false},"author":2,"featured_media":0,"parent":0,"menu_order":0,"comment_status":"closed","ping_status":"closed","template":"","meta":{"_uag_custom_page_level_css":"","site-sidebar-layout":"no-sidebar","site-content-layout":"","ast-site-content-layout":"full-width-container","site-content-style":"default","site-sidebar-style":"default","ast-global-header-display":"","ast-banner-title-visibility":"","ast-main-header-display":"","ast-hfb-above-header-display":"","ast-hfb-below-header-display":"","ast-hfb-mobile-header-display":"","site-post-title":"disabled","ast-breadcrumbs-content":"","ast-featured-img":"disabled","footer-sml-layout":"","theme-transparent-header-meta":"","adv-header-id-meta":"","stick-header-meta":"","header-above-stick-meta":"","header-main-stick-meta":"","header-below-stick-meta":"","astra-migrate-meta-layouts":"default","ast-page-background-enabled":"default","ast-page-background-meta":{"desktop":{"background-color":"var(--ast-global-color-4)","background-image":"","background-repeat":"repeat","background-position":"center center","background-size":"auto","background-attachment":"scroll","background-type":"","background-media":"","overlay-type":"","overlay-color":"","overlay-opacity":"","overlay-gradient":""},"tablet":{"background-color":"","background-image":"","background-repeat":"repeat","background-position":"center center","background-size":"auto","background-attachment":"scroll","background-type":"","background-media":"","overlay-type":"","overlay-color":"","overlay-opacity":"","overlay-gradient":""},"mobile":{"background-color":"","background-image":"","background-repeat":"repeat","background-position":"center center","background-size":"auto","background-attachment":"scroll","background-type":"","background-media":"","overlay-type":"","overlay-color":"","overlay-opacity":"","overlay-gradient":""}},"ast-content-background-meta":{"desktop":{"background-color":"var(--ast-global-color-5)","background-image":"","background-repeat":"repeat","background-position":"center center","background-size":"auto","background-attachment":"scroll","background-type":"","background-media":"","overlay-type":"","overlay-color":"","overlay-opacity":"","overlay-gradient":""},"tablet":{"background-color":"var(--ast-global-color-5)","background-image":"","background-repeat":"repeat","background-position":"center center","background-size":"auto","background-attachment":"scroll","background-type":"","background-media":"","overlay-type":"","overlay-color":"","overlay-opacity":"","overlay-gradient":""},"mobile":{"background-color":"var(--ast-global-color-5)","background-image":"","background-repeat":"repeat","background-position":"center center","background-size":"auto","background-attachment":"scroll","background-type":"","background-media":"","overlay-type":"","overlay-color":"","overlay-opacity":"","overlay-gradient":""}},"footnotes":""},"class_list":["post-29","page","type-page","status-publish","hentry"],"yoast_head":"<!-- This site is optimized with the Yoast SEO plugin v24.8 - https:\/\/yoast.com\/wordpress\/plugins\/seo\/ -->\n<title>Om oss - TEKdagen<\/title>\n<meta name=\"robots\" content=\"index, follow, max-snippet:-1, max-image-preview:large, max-video-preview:-1\" \/>\n<link rel=\"canonical\" href=\"https:\/\/tekdagen.no\/?page_id=29\" \/>\n<meta property=\"og:locale\" content=\"nb_NO\" \/>\n<meta property=\"og:type\" content=\"article\" \/>\n<meta property=\"og:title\" content=\"Om oss - TEKdagen\" \/>\n<meta property=\"og:description\" content=\"M\u00f8t arrang\u00f8rene for TEKdagen 2026 Dette er de som arrangerer \u00e5rets TEKdagen! Utvalget kan ogs\u00e5 kontaktes via epost: tekdagen@uit.no. Tobias [&hellip;]\" \/>\n<meta property=\"og:url\" content=\"https:\/\/tekdagen.no\/?page_id=29\" \/>\n<meta property=\"og:site_name\" content=\"TEKdagen\" \/>\n<meta property=\"article:modified_time\" content=\"2026-02-06T13:08:00+00:00\" \/>\n<meta property=\"og:image\" content=\"https:\/\/tekdagen.no\/wp-content\/uploads\/2024\/10\/tobias.jpg\" \/>\n\t<meta property=\"og:image:width\" content=\"800\" \/>\n\t<meta property=\"og:image:height\" content=\"800\" \/>\n\t<meta property=\"og:image:type\" content=\"image\/jpeg\" \/>\n<meta name=\"twitter:card\" content=\"summary_large_image\" \/>\n<meta name=\"twitter:label1\" content=\"Ansl. lesetid\" \/>\n\t<meta name=\"twitter:data1\" content=\"2 minutter\" \/>\n<script type=\"application\/ld+json\" class=\"yoast-schema-graph\">{\"@context\":\"https:\/\/schema.org\",\"@graph\":[{\"@type\":\"WebPage\",\"@id\":\"https:\/\/tekdagen.no\/?page_id=29\",\"url\":\"https:\/\/tekdagen.no\/?page_id=29\",\"name\":\"Om oss - TEKdagen\",\"isPartOf\":{\"@id\":\"https:\/\/tekdagen.no\/#website\"},\"primaryImageOfPage\":{\"@id\":\"https:\/\/tekdagen.no\/?page_id=29#primaryimage\"},\"image\":{\"@id\":\"https:\/\/tekdagen.no\/?page_id=29#primaryimage\"},\"thumbnailUrl\":\"https:\/\/tekdagen.no\/wp-content\/uploads\/2024\/10\/tobias.jpg\",\"datePublished\":\"2024-08-27T13:19:43+00:00\",\"dateModified\":\"2026-02-06T13:08:00+00:00\",\"breadcrumb\":{\"@id\":\"https:\/\/tekdagen.no\/?page_id=29#breadcrumb\"},\"inLanguage\":\"nb-NO\",\"potentialAction\":[{\"@type\":\"ReadAction\",\"target\":[\"https:\/\/tekdagen.no\/?page_id=29\"]}]},{\"@type\":\"ImageObject\",\"inLanguage\":\"nb-NO\",\"@id\":\"https:\/\/tekdagen.no\/?page_id=29#primaryimage\",\"url\":\"https:\/\/tekdagen.no\/wp-content\/uploads\/2024\/10\/tobias.jpg\",\"contentUrl\":\"https:\/\/tekdagen.no\/wp-content\/uploads\/2024\/10\/tobias.jpg\",\"width\":800,\"height\":800},{\"@type\":\"BreadcrumbList\",\"@id\":\"https:\/\/tekdagen.no\/?page_id=29#breadcrumb\",\"itemListElement\":[{\"@type\":\"ListItem\",\"position\":1,\"name\":\"Hjem\",\"item\":\"https:\/\/tekdagen.no\/\"},{\"@type\":\"ListItem\",\"position\":2,\"name\":\"Om oss\"}]},{\"@type\":\"WebSite\",\"@id\":\"https:\/\/tekdagen.no\/#website\",\"url\":\"https:\/\/tekdagen.no\/\",\"name\":\"TEKdagen\",\"description\":\"\",\"potentialAction\":[{\"@type\":\"SearchAction\",\"target\":{\"@type\":\"EntryPoint\",\"urlTemplate\":\"https:\/\/tekdagen.no\/?s={search_term_string}\"},\"query-input\":{\"@type\":\"PropertyValueSpecification\",\"valueRequired\":true,\"valueName\":\"search_term_string\"}}],\"inLanguage\":\"nb-NO\"}]}<\/script>\n<!-- \/ Yoast SEO plugin. -->","yoast_head_json":{"title":"Om oss - TEKdagen","robots":{"index":"index","follow":"follow","max-snippet":"max-snippet:-1","max-image-preview":"max-image-preview:large","max-video-preview":"max-video-preview:-1"},"canonical":"https:\/\/tekdagen.no\/?page_id=29","og_locale":"nb_NO","og_type":"article","og_title":"Om oss - TEKdagen","og_description":"M\u00f8t arrang\u00f8rene for TEKdagen 2026 Dette er de som arrangerer \u00e5rets TEKdagen! Utvalget kan ogs\u00e5 kontaktes via epost: tekdagen@uit.no. Tobias [&hellip;]","og_url":"https:\/\/tekdagen.no\/?page_id=29","og_site_name":"TEKdagen","article_modified_time":"2026-02-06T13:08:00+00:00","og_image":[{"width":800,"height":800,"url":"https:\/\/tekdagen.no\/wp-content\/uploads\/2024\/10\/tobias.jpg","type":"image\/jpeg"}],"twitter_card":"summary_large_image","twitter_misc":{"Ansl. lesetid":"2 minutter"},"schema":{"@context":"https:\/\/schema.org","@graph":[{"@type":"WebPage","@id":"https:\/\/tekdagen.no\/?page_id=29","url":"https:\/\/tekdagen.no\/?page_id=29","name":"Om oss - TEKdagen","isPartOf":{"@id":"https:\/\/tekdagen.no\/#website"},"primaryImageOfPage":{"@id":"https:\/\/tekdagen.no\/?page_id=29#primaryimage"},"image":{"@id":"https:\/\/tekdagen.no\/?page_id=29#primaryimage"},"thumbnailUrl":"https:\/\/tekdagen.no\/wp-content\/uploads\/2024\/10\/tobias.jpg","datePublished":"2024-08-27T13:19:43+00:00","dateModified":"2026-02-06T13:08:00+00:00","breadcrumb":{"@id":"https:\/\/tekdagen.no\/?page_id=29#breadcrumb"},"inLanguage":"nb-NO","potentialAction":[{"@type":"ReadAction","target":["https:\/\/tekdagen.no\/?page_id=29"]}]},{"@type":"ImageObject","inLanguage":"nb-NO","@id":"https:\/\/tekdagen.no\/?page_id=29#primaryimage","url":"https:\/\/tekdagen.no\/wp-content\/uploads\/2024\/10\/tobias.jpg","contentUrl":"https:\/\/tekdagen.no\/wp-content\/uploads\/2024\/10\/tobias.jpg","width":800,"height":800},{"@type":"BreadcrumbList","@id":"https:\/\/tekdagen.no\/?page_id=29#breadcrumb","itemListElement":[{"@type":"ListItem","position":1,"name":"Hjem","item":"https:\/\/tekdagen.no\/"},{"@type":"ListItem","position":2,"name":"Om oss"}]},{"@type":"WebSite","@id":"https:\/\/tekdagen.no\/#website","url":"https:\/\/tekdagen.no\/","name":"TEKdagen","description":"","potentialAction":[{"@type":"SearchAction","target":{"@type":"EntryPoint","urlTemplate":"https:\/\/tekdagen.no\/?s={search_term_string}"},"query-input":{"@type":"PropertyValueSpecification","valueRequired":true,"valueName":"search_term_string"}}],"inLanguage":"nb-NO"}]}},"uagb_featured_image_src":{"full":false,"thumbnail":false,"medium":false,"medium_large":false,"large":false,"1536x1536":false,"2048x2048":false},"uagb_author_info":{"display_name":"Magnus","author_link":"https:\/\/tekdagen.no\/?author=2"},"uagb_comment_info":0,"uagb_excerpt":"M\u00f8t arrang\u00f8rene for TEKdagen 2026 Dette er de som arrangerer \u00e5rets TEKdagen! Utvalget kan ogs\u00e5 kontaktes via epost: tekdagen@uit.no. Tobias [&hellip;]","_links":{"self":[{"href":"https:\/\/tekdagen.no\/index.php?rest_route=\/wp\/v2\/pages\/29","targetHints":{"allow":["GET"]}}],"collection":[{"href":"https:\/\/tekdagen.no\/index.php?rest_route=\/wp\/v2\/pages"}],"about":[{"href":"https:\/\/tekdagen.no\/index.php?rest_route=\/wp\/v2\/types\/page"}],"author":[{"embeddable":true,"href":"https:\/\/tekdagen.no\/index.php?rest_route=\/wp\/v2\/users\/2"}],"replies":[{"embeddable":true,"href":"https:\/\/tekdagen.no\/index.php?rest_route=%2Fwp%2Fv2%2Fcomments&post=29"}],"version-history":[{"count":82,"href":"https:\/\/tekdagen.no\/index.php?rest_route=\/wp\/v2\/pages\/29\/revisions"}],"predecessor-version":[{"id":614,"href":"https:\/\/tekdagen.no\/index.php?rest_route=\/wp\/v2\/pages\/29\/revisions\/614"}],"wp:attachment":[{"href":"https:\/\/tekdagen.no\/index.php?rest_route=%2Fwp%2Fv2%2Fmedia&parent=29"}],"curies":[{"name":"wp","href":"https:\/\/api.w.org\/{rel}","templated":true}]}}